{"id":664,"date":"2014-10-06T12:24:53","date_gmt":"2014-10-06T09:24:53","guid":{"rendered":"http:\/\/www.wormz.org\/bodyctrl\/?page_id=664"},"modified":"2023-06-12T08:37:37","modified_gmt":"2023-06-12T05:37:37","slug":"walk-paivat","status":"publish","type":"page","link":"https:\/\/www.wormz.org\/bodyctrl\/walk-paivat\/","title":{"rendered":"Walk-in p\u00e4iv\u00e4t"},"content":{"rendered":"<p>Body CTRL pit\u00e4\u00e4 walk-in p\u00e4ivi\u00e4 silloin t\u00e4ll\u00f6in. N\u00e4in\u00e4 p\u00e4ivin\u00e4 et tarvitse ajanvarausta tatuointiin tai l\u00e4vistykseen vaan menn\u00e4\u00e4n nopeat sy\u00f6v\u00e4t hitaat periaatteella.<\/p>\n<p>Walk-in p\u00e4ivin\u00e4 voit valita tatuointisi my\u00f6s valmiista malleista joita l\u00f6ytyy paikan p\u00e4\u00e4lt\u00e4. Jos tatuoijalla on jotain ideoita joita h\u00e4n haluaa koittaa, voi malleja l\u00f6yty\u00e4 normaalia edullisemmilla hinnoilla. Mit\u00e4\u00e4n isoja suunniteluja tai tatuointeja ei walk-in p\u00e4ivin\u00e4 v\u00e4ltt\u00e4m\u00e4tt\u00e4 ehdit\u00e4 tekem\u00e4\u00e4n ja niihin kannattaa varata aika normaalisti.<\/p>\n<p>Genitaalil\u00e4vistyksi\u00e4 emme walk-in p\u00e4ivin\u00e4 tee. Pid\u00e4mme my\u00f6s oikeuden kielt\u00e4yty\u00e4 tekem\u00e4st\u00e4 peitetatuointeja tai tatuointeja sormiin, kauloihin sek\u00e4 muihin paikkoihin, joissa alkuvalmistelu, mallin asettelu tai muu toimenpide vie kohtuuttomasti aikaa. Tahdomme pit\u00e4\u00e4 saman laadun ty\u00f6ss\u00e4 my\u00f6s walk-in p\u00e4ivin\u00e4 emmek\u00e4 halua kiirehti\u00e4, varsinkaan n\u00e4kyvien paikkojen kanssa.<\/p>\n<p>Tervetuloa!<\/p>\n","protected":false},"excerpt":{"rendered":"<p>Body CTRL pit\u00e4\u00e4 walk-in p\u00e4ivi\u00e4 silloin t\u00e4ll\u00f6in. N\u00e4in\u00e4 p\u00e4ivin\u00e4 et tarvitse ajanvarausta tatuointiin tai l\u00e4vistykseen vaan menn\u00e4\u00e4n nopeat sy\u00f6v\u00e4t hitaat periaatteella. Walk-in p\u00e4ivin\u00e4 voit valita tatuointisi my\u00f6s valmiista malleista joita l\u00f6ytyy paikan p\u00e4\u00e4lt\u00e4. Jos tatuoijalla on jotain ideoita joita h\u00e4n haluaa koittaa, voi malleja l\u00f6yty\u00e4 normaalia edullisemmilla hinnoilla. Mit\u00e4\u00e4n isoja suunniteluja tai tatuointeja ei walk-in &hellip; <a href=\"https:\/\/www.wormz.org\/bodyctrl\/walk-paivat\/\" class=\"more-link\">Jatka artikkeliin <span class=\"screen-reader-text\">Walk-in p\u00e4iv\u00e4t<\/span><\/a><\/p>\n","protected":false},"author":1,"featured_media":0,"parent":0,"menu_order":0,"comment_status":"closed","ping_status":"closed","template":"","meta":{"footnotes":""},"class_list":["post-664","page","type-page","status-publish","hentry"],"yoast_head":"<!-- This site is optimized with the Yoast SEO plugin v26.1.1 - https:\/\/yoast.com\/wordpress\/plugins\/seo\/ -->\n<title>L\u00e4vistykset ja tatuoinnit ammattitaidolla! | Body CTRL tattoo &amp; piercing<\/title>\n<meta name=\"description\" content=\"Tatuoinnit ilman ajanvarausta walk-in p\u00e4ivin\u00e4 Body CTRL:st\u00e4!\" \/>\n<meta name=\"robots\" content=\"index, follow, max-snippet:-1, max-image-preview:large, max-video-preview:-1\" \/>\n<link rel=\"canonical\" href=\"https:\/\/www.wormz.org\/bodyctrl\/walk-paivat\/\" \/>\n<meta name=\"twitter:card\" content=\"summary_large_image\" \/>\n<meta name=\"twitter:title\" content=\"L\u00e4vistykset ja tatuoinnit ammattitaidolla! | Body CTRL tattoo &amp; piercing\" \/>\n<meta name=\"twitter:description\" content=\"Tatuoinnit ilman ajanvarausta walk-in p\u00e4ivin\u00e4 Body CTRL:st\u00e4!\" \/>\n<meta name=\"twitter:site\" content=\"@bodyctrl\" \/>\n<meta name=\"twitter:label1\" content=\"Arvioitu lukuaika\" \/>\n\t<meta name=\"twitter:data1\" content=\"1 minuutti\" \/>\n<script type=\"application\/ld+json\" class=\"yoast-schema-graph\">{\"@context\":\"https:\/\/schema.org\",\"@graph\":[{\"@type\":\"WebPage\",\"@id\":\"https:\/\/www.wormz.org\/bodyctrl\/walk-paivat\/\",\"url\":\"https:\/\/www.wormz.org\/bodyctrl\/walk-paivat\/\",\"name\":\"L\u00e4vistykset ja tatuoinnit ammattitaidolla! | Body CTRL tattoo & piercing\",\"isPartOf\":{\"@id\":\"https:\/\/www.wormz.org\/bodyctrl\/#website\"},\"datePublished\":\"2014-10-06T09:24:53+00:00\",\"dateModified\":\"2023-06-12T05:37:37+00:00\",\"description\":\"Tatuoinnit ilman ajanvarausta walk-in p\u00e4ivin\u00e4 Body CTRL:st\u00e4!\",\"inLanguage\":\"fi\",\"potentialAction\":[{\"@type\":\"ReadAction\",\"target\":[\"https:\/\/www.wormz.org\/bodyctrl\/walk-paivat\/\"]}]},{\"@type\":\"WebSite\",\"@id\":\"https:\/\/www.wormz.org\/bodyctrl\/#website\",\"url\":\"https:\/\/www.wormz.org\/bodyctrl\/\",\"name\":\"Body CTRL - Tatuointi- ja l\u00e4vistysstudio.\",\"description\":\"Body CTRL tattoo &amp; piecing studio\",\"publisher\":{\"@id\":\"https:\/\/www.wormz.org\/bodyctrl\/#organization\"},\"potentialAction\":[{\"@type\":\"SearchAction\",\"target\":{\"@type\":\"EntryPoint\",\"urlTemplate\":\"https:\/\/www.wormz.org\/bodyctrl\/?s={search_term_string}\"},\"query-input\":{\"@type\":\"PropertyValueSpecification\",\"valueRequired\":true,\"valueName\":\"search_term_string\"}}],\"inLanguage\":\"fi\"},{\"@type\":\"Organization\",\"@id\":\"https:\/\/www.wormz.org\/bodyctrl\/#organization\",\"name\":\"Body CTRL - Tatuointi- ja l\u00e4vistysstudio.\",\"url\":\"https:\/\/www.wormz.org\/bodyctrl\/\",\"logo\":{\"@type\":\"ImageObject\",\"inLanguage\":\"fi\",\"@id\":\"https:\/\/www.wormz.org\/bodyctrl\/#\/schema\/logo\/image\/\",\"url\":\"https:\/\/www.wormz.org\/bodyctrl\/wp-content\/uploads\/cropped-bodyctrl_logo_printti_400px-copy-1.png\",\"contentUrl\":\"https:\/\/www.wormz.org\/bodyctrl\/wp-content\/uploads\/cropped-bodyctrl_logo_printti_400px-copy-1.png\",\"width\":390,\"height\":400,\"caption\":\"Body CTRL - Tatuointi- ja l\u00e4vistysstudio.\"},\"image\":{\"@id\":\"https:\/\/www.wormz.org\/bodyctrl\/#\/schema\/logo\/image\/\"},\"sameAs\":[\"http:\/\/www.facebook.com\/bodyctrl\",\"https:\/\/x.com\/bodyctrl\",\"http:\/\/instagram.com\/bodyctrl\",\"http:\/\/tiktok.com\/@ghostofsakari\"]}]}<\/script>\n<!-- \/ Yoast SEO plugin. -->","yoast_head_json":{"title":"L\u00e4vistykset ja tatuoinnit ammattitaidolla! | Body CTRL tattoo & piercing","description":"Tatuoinnit ilman ajanvarausta walk-in p\u00e4ivin\u00e4 Body CTRL:st\u00e4!","robots":{"index":"index","follow":"follow","max-snippet":"max-snippet:-1","max-image-preview":"max-image-preview:large","max-video-preview":"max-video-preview:-1"},"canonical":"https:\/\/www.wormz.org\/bodyctrl\/walk-paivat\/","twitter_card":"summary_large_image","twitter_title":"L\u00e4vistykset ja tatuoinnit ammattitaidolla! | Body CTRL tattoo & piercing","twitter_description":"Tatuoinnit ilman ajanvarausta walk-in p\u00e4ivin\u00e4 Body CTRL:st\u00e4!","twitter_site":"@bodyctrl","twitter_misc":{"Arvioitu lukuaika":"1 minuutti"},"schema":{"@context":"https:\/\/schema.org","@graph":[{"@type":"WebPage","@id":"https:\/\/www.wormz.org\/bodyctrl\/walk-paivat\/","url":"https:\/\/www.wormz.org\/bodyctrl\/walk-paivat\/","name":"L\u00e4vistykset ja tatuoinnit ammattitaidolla! | Body CTRL tattoo & piercing","isPartOf":{"@id":"https:\/\/www.wormz.org\/bodyctrl\/#website"},"datePublished":"2014-10-06T09:24:53+00:00","dateModified":"2023-06-12T05:37:37+00:00","description":"Tatuoinnit ilman ajanvarausta walk-in p\u00e4ivin\u00e4 Body CTRL:st\u00e4!","inLanguage":"fi","potentialAction":[{"@type":"ReadAction","target":["https:\/\/www.wormz.org\/bodyctrl\/walk-paivat\/"]}]},{"@type":"WebSite","@id":"https:\/\/www.wormz.org\/bodyctrl\/#website","url":"https:\/\/www.wormz.org\/bodyctrl\/","name":"Body CTRL - Tatuointi- ja l\u00e4vistysstudio.","description":"Body CTRL tattoo &amp; piecing studio","publisher":{"@id":"https:\/\/www.wormz.org\/bodyctrl\/#organization"},"potentialAction":[{"@type":"SearchAction","target":{"@type":"EntryPoint","urlTemplate":"https:\/\/www.wormz.org\/bodyctrl\/?s={search_term_string}"},"query-input":{"@type":"PropertyValueSpecification","valueRequired":true,"valueName":"search_term_string"}}],"inLanguage":"fi"},{"@type":"Organization","@id":"https:\/\/www.wormz.org\/bodyctrl\/#organization","name":"Body CTRL - Tatuointi- ja l\u00e4vistysstudio.","url":"https:\/\/www.wormz.org\/bodyctrl\/","logo":{"@type":"ImageObject","inLanguage":"fi","@id":"https:\/\/www.wormz.org\/bodyctrl\/#\/schema\/logo\/image\/","url":"https:\/\/www.wormz.org\/bodyctrl\/wp-content\/uploads\/cropped-bodyctrl_logo_printti_400px-copy-1.png","contentUrl":"https:\/\/www.wormz.org\/bodyctrl\/wp-content\/uploads\/cropped-bodyctrl_logo_printti_400px-copy-1.png","width":390,"height":400,"caption":"Body CTRL - Tatuointi- ja l\u00e4vistysstudio."},"image":{"@id":"https:\/\/www.wormz.org\/bodyctrl\/#\/schema\/logo\/image\/"},"sameAs":["http:\/\/www.facebook.com\/bodyctrl","https:\/\/x.com\/bodyctrl","http:\/\/instagram.com\/bodyctrl","http:\/\/tiktok.com\/@ghostofsakari"]}]}},"_links":{"self":[{"href":"https:\/\/www.wormz.org\/bodyctrl\/wp-json\/wp\/v2\/pages\/664","targetHints":{"allow":["GET"]}}],"collection":[{"href":"https:\/\/www.wormz.org\/bodyctrl\/wp-json\/wp\/v2\/pages"}],"about":[{"href":"https:\/\/www.wormz.org\/bodyctrl\/wp-json\/wp\/v2\/types\/page"}],"author":[{"embeddable":true,"href":"https:\/\/www.wormz.org\/bodyctrl\/wp-json\/wp\/v2\/users\/1"}],"replies":[{"embeddable":true,"href":"https:\/\/www.wormz.org\/bodyctrl\/wp-json\/wp\/v2\/comments?post=664"}],"version-history":[{"count":7,"href":"https:\/\/www.wormz.org\/bodyctrl\/wp-json\/wp\/v2\/pages\/664\/revisions"}],"predecessor-version":[{"id":1406,"href":"https:\/\/www.wormz.org\/bodyctrl\/wp-json\/wp\/v2\/pages\/664\/revisions\/1406"}],"wp:attachment":[{"href":"https:\/\/www.wormz.org\/bodyctrl\/wp-json\/wp\/v2\/media?parent=664"}],"curies":[{"name":"wp","href":"https:\/\/api.w.org\/{rel}","templated":true}]}}