{"id":1108,"date":"2018-06-27T11:16:37","date_gmt":"2018-06-27T08:16:37","guid":{"rendered":"http:\/\/www.wormz.org\/bodyctrl\/?page_id=1108"},"modified":"2018-06-27T11:16:37","modified_gmt":"2018-06-27T08:16:37","slug":"konsultaatiopaiva","status":"publish","type":"page","link":"https:\/\/www.wormz.org\/bodyctrl\/konsultaatiopaiva\/","title":{"rendered":"Konsultaatiop\u00e4iv\u00e4."},"content":{"rendered":"<p>Body CTRL-studion tatuoijilla on noin kerran kuussa konsultaatiop\u00e4iv\u00e4, jolloin voit rauhassa tulla juttelemaan tatuointi-ideastasi ja ajanvarauksesta. Koko p\u00e4iv\u00e4 on pyhitetty pelk\u00e4lle suunnittelulle ja esimerkiksi isompien projektien aloitus onnistuu silloin k\u00e4tev\u00e4sti. Voit my\u00f6s tulla k\u00e4ym\u00e4\u00e4n tutustumassa studioon ja ihmisiin k\u00e4tev\u00e4sti keskeytt\u00e4m\u00e4tt\u00e4 keskener\u00e4isi\u00e4 t\u00f6it\u00e4.<\/p>\n<p>Konsultaatiop\u00e4iv\u00e4st\u00e4 huolimatta studiolle saa ehdottomasti edelleen tulla aina kun ovi on auki!<\/p>\n","protected":false},"excerpt":{"rendered":"<p>Body CTRL-studion tatuoijilla on noin kerran kuussa konsultaatiop\u00e4iv\u00e4, jolloin voit rauhassa tulla juttelemaan tatuointi-ideastasi ja ajanvarauksesta. Koko p\u00e4iv\u00e4 on pyhitetty pelk\u00e4lle suunnittelulle ja esimerkiksi isompien projektien aloitus onnistuu silloin k\u00e4tev\u00e4sti. Voit my\u00f6s tulla k\u00e4ym\u00e4\u00e4n tutustumassa studioon ja ihmisiin k\u00e4tev\u00e4sti keskeytt\u00e4m\u00e4tt\u00e4 keskener\u00e4isi\u00e4 t\u00f6it\u00e4. Konsultaatiop\u00e4iv\u00e4st\u00e4 huolimatta studiolle saa ehdottomasti edelleen tulla aina kun ovi on auki!<\/p>\n","protected":false},"author":1,"featured_media":0,"parent":0,"menu_order":0,"comment_status":"closed","ping_status":"closed","template":"","meta":{"footnotes":""},"class_list":["post-1108","page","type-page","status-publish","hentry"],"yoast_head":"<!-- This site is optimized with the Yoast SEO plugin v26.1.1 - https:\/\/yoast.com\/wordpress\/plugins\/seo\/ -->\n<title>L\u00e4vistykset ja tatuoinnit ammattitaidolla! | Body CTRL tattoo &amp; piercing<\/title>\n<meta name=\"description\" content=\"Tatuoinnit ja l\u00e4vistykset vuosien kokemuksella Jyv\u00e4skyl\u00e4ss\u00e4. Rauhallinen ja intiimi studio.\" \/>\n<meta name=\"robots\" content=\"index, follow, max-snippet:-1, max-image-preview:large, max-video-preview:-1\" \/>\n<link rel=\"canonical\" href=\"https:\/\/www.wormz.org\/bodyctrl\/konsultaatiopaiva\/\" \/>\n<meta name=\"twitter:card\" content=\"summary_large_image\" \/>\n<meta name=\"twitter:title\" content=\"L\u00e4vistykset ja tatuoinnit ammattitaidolla! | Body CTRL tattoo &amp; piercing\" \/>\n<meta name=\"twitter:description\" content=\"Tatuoinnit ja l\u00e4vistykset vuosien kokemuksella Jyv\u00e4skyl\u00e4ss\u00e4. Rauhallinen ja intiimi studio.\" \/>\n<meta name=\"twitter:site\" content=\"@bodyctrl\" \/>\n<script type=\"application\/ld+json\" class=\"yoast-schema-graph\">{\"@context\":\"https:\/\/schema.org\",\"@graph\":[{\"@type\":\"WebPage\",\"@id\":\"https:\/\/www.wormz.org\/bodyctrl\/konsultaatiopaiva\/\",\"url\":\"https:\/\/www.wormz.org\/bodyctrl\/konsultaatiopaiva\/\",\"name\":\"L\u00e4vistykset ja tatuoinnit ammattitaidolla! | Body CTRL tattoo & piercing\",\"isPartOf\":{\"@id\":\"https:\/\/www.wormz.org\/bodyctrl\/#website\"},\"datePublished\":\"2018-06-27T08:16:37+00:00\",\"description\":\"Tatuoinnit ja l\u00e4vistykset vuosien kokemuksella Jyv\u00e4skyl\u00e4ss\u00e4. Rauhallinen ja intiimi studio.\",\"inLanguage\":\"fi\",\"potentialAction\":[{\"@type\":\"ReadAction\",\"target\":[\"https:\/\/www.wormz.org\/bodyctrl\/konsultaatiopaiva\/\"]}]},{\"@type\":\"WebSite\",\"@id\":\"https:\/\/www.wormz.org\/bodyctrl\/#website\",\"url\":\"https:\/\/www.wormz.org\/bodyctrl\/\",\"name\":\"Body CTRL - Tatuointi- ja l\u00e4vistysstudio.\",\"description\":\"Body CTRL tattoo &amp; piecing studio\",\"publisher\":{\"@id\":\"https:\/\/www.wormz.org\/bodyctrl\/#organization\"},\"potentialAction\":[{\"@type\":\"SearchAction\",\"target\":{\"@type\":\"EntryPoint\",\"urlTemplate\":\"https:\/\/www.wormz.org\/bodyctrl\/?s={search_term_string}\"},\"query-input\":{\"@type\":\"PropertyValueSpecification\",\"valueRequired\":true,\"valueName\":\"search_term_string\"}}],\"inLanguage\":\"fi\"},{\"@type\":\"Organization\",\"@id\":\"https:\/\/www.wormz.org\/bodyctrl\/#organization\",\"name\":\"Body CTRL - Tatuointi- ja l\u00e4vistysstudio.\",\"url\":\"https:\/\/www.wormz.org\/bodyctrl\/\",\"logo\":{\"@type\":\"ImageObject\",\"inLanguage\":\"fi\",\"@id\":\"https:\/\/www.wormz.org\/bodyctrl\/#\/schema\/logo\/image\/\",\"url\":\"https:\/\/www.wormz.org\/bodyctrl\/wp-content\/uploads\/cropped-bodyctrl_logo_printti_400px-copy-1.png\",\"contentUrl\":\"https:\/\/www.wormz.org\/bodyctrl\/wp-content\/uploads\/cropped-bodyctrl_logo_printti_400px-copy-1.png\",\"width\":390,\"height\":400,\"caption\":\"Body CTRL - Tatuointi- ja l\u00e4vistysstudio.\"},\"image\":{\"@id\":\"https:\/\/www.wormz.org\/bodyctrl\/#\/schema\/logo\/image\/\"},\"sameAs\":[\"http:\/\/www.facebook.com\/bodyctrl\",\"https:\/\/x.com\/bodyctrl\",\"http:\/\/instagram.com\/bodyctrl\",\"http:\/\/tiktok.com\/@ghostofsakari\"]}]}<\/script>\n<!-- \/ Yoast SEO plugin. -->","yoast_head_json":{"title":"L\u00e4vistykset ja tatuoinnit ammattitaidolla! | Body CTRL tattoo & piercing","description":"Tatuoinnit ja l\u00e4vistykset vuosien kokemuksella Jyv\u00e4skyl\u00e4ss\u00e4. Rauhallinen ja intiimi studio.","robots":{"index":"index","follow":"follow","max-snippet":"max-snippet:-1","max-image-preview":"max-image-preview:large","max-video-preview":"max-video-preview:-1"},"canonical":"https:\/\/www.wormz.org\/bodyctrl\/konsultaatiopaiva\/","twitter_card":"summary_large_image","twitter_title":"L\u00e4vistykset ja tatuoinnit ammattitaidolla! | Body CTRL tattoo & piercing","twitter_description":"Tatuoinnit ja l\u00e4vistykset vuosien kokemuksella Jyv\u00e4skyl\u00e4ss\u00e4. Rauhallinen ja intiimi studio.","twitter_site":"@bodyctrl","schema":{"@context":"https:\/\/schema.org","@graph":[{"@type":"WebPage","@id":"https:\/\/www.wormz.org\/bodyctrl\/konsultaatiopaiva\/","url":"https:\/\/www.wormz.org\/bodyctrl\/konsultaatiopaiva\/","name":"L\u00e4vistykset ja tatuoinnit ammattitaidolla! | Body CTRL tattoo & piercing","isPartOf":{"@id":"https:\/\/www.wormz.org\/bodyctrl\/#website"},"datePublished":"2018-06-27T08:16:37+00:00","description":"Tatuoinnit ja l\u00e4vistykset vuosien kokemuksella Jyv\u00e4skyl\u00e4ss\u00e4. Rauhallinen ja intiimi studio.","inLanguage":"fi","potentialAction":[{"@type":"ReadAction","target":["https:\/\/www.wormz.org\/bodyctrl\/konsultaatiopaiva\/"]}]},{"@type":"WebSite","@id":"https:\/\/www.wormz.org\/bodyctrl\/#website","url":"https:\/\/www.wormz.org\/bodyctrl\/","name":"Body CTRL - Tatuointi- ja l\u00e4vistysstudio.","description":"Body CTRL tattoo &amp; piecing studio","publisher":{"@id":"https:\/\/www.wormz.org\/bodyctrl\/#organization"},"potentialAction":[{"@type":"SearchAction","target":{"@type":"EntryPoint","urlTemplate":"https:\/\/www.wormz.org\/bodyctrl\/?s={search_term_string}"},"query-input":{"@type":"PropertyValueSpecification","valueRequired":true,"valueName":"search_term_string"}}],"inLanguage":"fi"},{"@type":"Organization","@id":"https:\/\/www.wormz.org\/bodyctrl\/#organization","name":"Body CTRL - Tatuointi- ja l\u00e4vistysstudio.","url":"https:\/\/www.wormz.org\/bodyctrl\/","logo":{"@type":"ImageObject","inLanguage":"fi","@id":"https:\/\/www.wormz.org\/bodyctrl\/#\/schema\/logo\/image\/","url":"https:\/\/www.wormz.org\/bodyctrl\/wp-content\/uploads\/cropped-bodyctrl_logo_printti_400px-copy-1.png","contentUrl":"https:\/\/www.wormz.org\/bodyctrl\/wp-content\/uploads\/cropped-bodyctrl_logo_printti_400px-copy-1.png","width":390,"height":400,"caption":"Body CTRL - Tatuointi- ja l\u00e4vistysstudio."},"image":{"@id":"https:\/\/www.wormz.org\/bodyctrl\/#\/schema\/logo\/image\/"},"sameAs":["http:\/\/www.facebook.com\/bodyctrl","https:\/\/x.com\/bodyctrl","http:\/\/instagram.com\/bodyctrl","http:\/\/tiktok.com\/@ghostofsakari"]}]}},"_links":{"self":[{"href":"https:\/\/www.wormz.org\/bodyctrl\/wp-json\/wp\/v2\/pages\/1108","targetHints":{"allow":["GET"]}}],"collection":[{"href":"https:\/\/www.wormz.org\/bodyctrl\/wp-json\/wp\/v2\/pages"}],"about":[{"href":"https:\/\/www.wormz.org\/bodyctrl\/wp-json\/wp\/v2\/types\/page"}],"author":[{"embeddable":true,"href":"https:\/\/www.wormz.org\/bodyctrl\/wp-json\/wp\/v2\/users\/1"}],"replies":[{"embeddable":true,"href":"https:\/\/www.wormz.org\/bodyctrl\/wp-json\/wp\/v2\/comments?post=1108"}],"version-history":[{"count":2,"href":"https:\/\/www.wormz.org\/bodyctrl\/wp-json\/wp\/v2\/pages\/1108\/revisions"}],"predecessor-version":[{"id":1110,"href":"https:\/\/www.wormz.org\/bodyctrl\/wp-json\/wp\/v2\/pages\/1108\/revisions\/1110"}],"wp:attachment":[{"href":"https:\/\/www.wormz.org\/bodyctrl\/wp-json\/wp\/v2\/media?parent=1108"}],"curies":[{"name":"wp","href":"https:\/\/api.w.org\/{rel}","templated":true}]}}